{"id":27494,"date":"2025-03-31T01:16:36","date_gmt":"2025-03-31T01:16:36","guid":{"rendered":"https:\/\/\/home-3\/"},"modified":"2025-04-16T17:42:42","modified_gmt":"2025-04-16T17:42:42","slug":"home-3","status":"publish","type":"page","link":"https:\/\/todominingsolutions.com\/","title":{"rendered":"Home"},"content":{"rendered":"<div class=\"wp-block-uagb-container uagb-block-230d2cc2 alignfull uagb-is-root-container\"><div class=\"uagb-container-inner-blocks-wrap\">\n<div class=\"wp-block-uagb-info-box uagb-block-6f80f11e uagb-infobox__content-wrap  uagb-infobox-icon-above-title uagb-infobox-image-valign-top\"><div class=\"uagb-ifb-content\"><div class=\"uagb-ifb-title-wrap\"><h1 class=\"uagb-ifb-title\">Specialized Consulting in Data Science and AI<\/h1><\/div><p class=\"uagb-ifb-desc\">With years of experience in the fields of Data Science and Artificial Intelligence, I offer specialized consulting to help you transform your business using cutting-edge technologies. From data analysis to building predictive models and automation strategies, we can work together to improve decision-making and optimize your operations.<\/p><\/div><\/div>\n<\/div><\/div>\n\n\n\n<div class=\"wp-block-uagb-container uagb-block-8308453a alignfull uagb-is-root-container\"><div class=\"uagb-container-inner-blocks-wrap\">\n<div class=\"wp-block-uagb-container uagb-block-9babc42b\">\n<div class=\"wp-block-uagb-info-box uagb-block-c223a877 uagb-infobox__content-wrap  uagb-infobox-icon-above-title uagb-infobox-image-valign-top\"><div class=\"uagb-ifb-content\"><div class=\"uagb-ifb-icon-wrap\"><svg xmlns=\"https:\/\/www.w3.org\/2000\/svg\" viewbox=\"0 0 512 512\"><path d=\"M187.7 153.7c-34 0-61.7 25.7-61.7 57.7 0 31.7 27.7 57.7 61.7 57.7s61.7-26 61.7-57.7c0-32-27.7-57.7-61.7-57.7zm143.4 0c-34 0-61.7 25.7-61.7 57.7 0 31.7 27.7 57.7 61.7 57.7 34.3 0 61.7-26 61.7-57.7 .1-32-27.4-57.7-61.7-57.7zm156.6 90l-6 4.3V49.7c0-27.4-20.6-49.7-46-49.7H76.6c-25.4 0-46 22.3-46 49.7V248c-2-1.4-4.3-2.9-6.3-4.3-15.1-10.6-25.1 4-16 17.7 18.3 22.6 53.1 50.3 106.3 72C58.3 525.1 252 555.7 248.9 457.5c0-.7 .3-56.6 .3-96.6 5.1 1.1 9.4 2.3 13.7 3.1 0 39.7 .3 92.8 .3 93.5-3.1 98.3 190.6 67.7 134.3-124 53.1-21.7 88-49.4 106.3-72 9.1-13.8-.9-28.3-16.1-17.8zm-30.5 19.2c-68.9 37.4-128.3 31.1-160.6 29.7-23.7-.9-32.6 9.1-33.7 24.9-10.3-7.7-18.6-15.5-20.3-17.1-5.1-5.4-13.7-8-27.1-7.7-31.7 1.1-89.7 7.4-157.4-28V72.3c0-34.9 8.9-45.7 40.6-45.7h317.7c30.3 0 40.9 12.9 40.9 45.7v190.6z\"><\/path><\/svg><\/div><div class=\"uagb-ifb-title-wrap\"><h3 class=\"uagb-ifb-title\"> Hands-on Consulting <\/h3><\/div><p class=\"uagb-ifb-desc\">Get Personalized Guidance to Transform Your Business\nReceive one-on-one consulting to transform your business using top strategies in Data Science and Artificial Intelligence. Let\u2019s work together to implement real solutions that make a real impact.<\/p><\/div><\/div>\n<\/div>\n\n\n\n<div class=\"wp-block-uagb-container uagb-block-680df5b2\">\n<div class=\"wp-block-uagb-info-box uagb-block-75a8b955 uagb-infobox__content-wrap  uagb-infobox-icon-above-title uagb-infobox-image-valign-top\"><div class=\"uagb-ifb-content\"><div class=\"uagb-ifb-icon-wrap\"><svg xmlns=\"https:\/\/www.w3.org\/2000\/svg\" viewbox=\"0 0 512 512\"><path d=\"M512 288c0 35.35-21.49 64-48 64c-32.43 0-31.72-32-55.64-32C394.9 320 384 330.9 384 344.4V480c0 17.67-14.33 32-32 32h-71.64C266.9 512 256 501.1 256 487.6C256 463.1 288 464.4 288 432c0-26.51-28.65-48-64-48s-64 21.49-64 48c0 32.43 32 31.72 32 55.64C192 501.1 181.1 512 167.6 512H32c-17.67 0-32-14.33-32-32v-135.6C0 330.9 10.91 320 24.36 320C48.05 320 47.6 352 80 352C106.5 352 128 323.3 128 288S106.5 223.1 80 223.1c-32.43 0-31.72 32-55.64 32C10.91 255.1 0 245.1 0 231.6v-71.64c0-17.67 14.33-31.1 32-31.1h135.6C181.1 127.1 192 117.1 192 103.6c0-23.69-32-23.24-32-55.64c0-26.51 28.65-47.1 64-47.1s64 21.49 64 47.1c0 32.43-32 31.72-32 55.64c0 13.45 10.91 24.36 24.36 24.36H352c17.67 0 32 14.33 32 31.1v71.64c0 13.45 10.91 24.36 24.36 24.36c23.69 0 23.24-32 55.64-32C490.5 223.1 512 252.7 512 288z\"><\/path><\/svg><\/div><div class=\"uagb-ifb-title-wrap\"><h3 class=\"uagb-ifb-title\">Assessment and Diagnosis <\/h3><\/div><p class=\"uagb-ifb-desc\"> Conduct an evaluation to understand the current state of your processes and uncover improvement opportunities. Through precise diagnostics, I will guide you to optimize your data-driven decisions.<\/p><\/div><\/div>\n<\/div>\n\n\n\n<div class=\"wp-block-uagb-container uagb-block-44d2fdca\">\n<div class=\"wp-block-uagb-info-box uagb-block-b12170d6 uagb-infobox__content-wrap  uagb-infobox-icon-above-title uagb-infobox-image-valign-top\"><div class=\"uagb-ifb-content\"><div class=\"uagb-ifb-icon-wrap\"><svg xmlns=\"https:\/\/www.w3.org\/2000\/svg\" viewbox=\"0 0 512 512\"><path d=\"M234.5 5.709C248.4 .7377 263.6 .7377 277.5 5.709L469.5 74.28C494.1 83.38 512 107.5 512 134.6V377.4C512 404.5 494.1 428.6 469.5 437.7L277.5 506.3C263.6 511.3 248.4 511.3 234.5 506.3L42.47 437.7C17 428.6 0 404.5 0 377.4V134.6C0 107.5 17 83.38 42.47 74.28L234.5 5.709zM256 65.98L82.34 128L256 190L429.7 128L256 65.98zM288 434.6L448 377.4V189.4L288 246.6V434.6z\"><\/path><\/svg><\/div><div class=\"uagb-ifb-title-wrap\"><h3 class=\"uagb-ifb-title\">Exclusive Material<\/h3><\/div><p class=\"uagb-ifb-desc\">Access exclusive resources and case studies that will help you better understand how to apply Data Science and Artificial Intelligence to improve your business efficiency. <\/p><\/div><\/div>\n<\/div>\n<\/div><\/div>\n\n\n\n<div class=\"wp-block-uagb-container uagb-block-ef72d8c5 alignfull uagb-is-root-container\"><div class=\"uagb-container__shape uagb-container__shape-bottom uagb-container__invert\" data-negative=\"false\"><svg xmlns=\"https:\/\/www.w3.org\/2000\/svg\" viewbox=\"0 0 1000 100\" preserveaspectratio=\"none\"><path class=\"uagb-container__shape-fill\" d=\"M421.9,6.5c22.6-2.5,51.5,0.4,75.5,5.3c23.6,4.9,70.9,23.5,100.5,35.7c75.8,32.2,133.7,44.5,192.6,49.7  c23.6,2.1,48.7,3.5,103.4-2.5c54.7-6,106.2-25.6,106.2-25.6V0H0v30.3c0,0,72,32.6,158.4,30.5c39.2-0.7,92.8-6.7,134-22.4  c21.2-8.1,52.2-18.2,79.7-24.2C399.3,7.9,411.6,7.5,421.9,6.5z\"><\/path><\/svg><\/div><div class=\"uagb-container-inner-blocks-wrap\">\n<div class=\"wp-block-uagb-advanced-heading uagb-block-7cd65654\"><h2 class=\"uagb-heading-text\">Our Most Popular Services<\/h2><p class=\"uagb-desc-text\">Transform Your Business with the Best Practices in Data Science and AI\nWith years of experience in the field, I provide specialized consulting to optimize decision-making, improve efficiency, and create growth strategies through data analysis.<br><strong>Consulting on Predictive Models<\/strong> Develop predictive models that help you anticipate business trends, behaviors, and outcomes. Improve your decision-making capacity with data and optimize your company\u2019s strategy through advanced analysis.<br><strong>Automation of Processes with AI:<\/strong> Optimize your operations with automated solutions, implementing artificial intelligence to improve efficiency and reduce costs.<br><strong>Data Analysis and Big Data<\/strong> Transform large volumes of data into valuable insights for your business. Make data-driven decisions and maximize profitability.<\/p><\/div>\n<\/div><\/div>\n\n\n\n<div class=\"wp-block-uagb-container uagb-block-0c92cd6e alignfull uagb-is-root-container\"><div class=\"uagb-container-inner-blocks-wrap\">\n<div class=\"wp-block-uagb-advanced-heading uagb-block-e84ec773\"><h2 class=\"uagb-heading-text\">Be in demand with our professional training.<\/h2><p class=\"uagb-desc-text\">With years of experience in the field of Data Science and Artificial Intelligence, we offer specialized training to help you acquire practical skills that will enhance your market competitiveness. From data analysis to automation and predictive models, we will guide you in mastering the most advanced and in-demand tools.<\/p><\/div>\n\n\n\n<div class=\"wp-block-uagb-container uagb-block-818574d2\">\n<div class=\"wp-block-uagb-container uagb-block-4636577f\">\n<div class=\"wp-block-uagb-image aligncenter uagb-block-c78c9cd7 wp-block-uagb-image--layout-default wp-block-uagb-image--effect-static wp-block-uagb-image--align-center\"><figure class=\"wp-block-uagb-image__figure\"><img decoding=\"async\" srcset=\"https:\/\/todominingsolutions.com\/wp-content\/uploads\/2025\/03\/20191222_191717-768x1024.jpg ,https:\/\/todominingsolutions.com\/wp-content\/uploads\/2025\/03\/20191222_191717-scaled.jpg 780w, https:\/\/todominingsolutions.com\/wp-content\/uploads\/2025\/03\/20191222_191717-scaled.jpg 360w\" sizes=\"auto, (max-width: 480px) 150px\" src=\"https:\/\/todominingsolutions.com\/wp-content\/uploads\/2025\/03\/20191222_191717-768x1024.jpg\" alt=\"\" class=\"uag-image-27526\" width=\"768\" height=\"1024\" title=\"20191222_191717\" loading=\"lazy\" role=\"img\"\/><\/figure><\/div>\n\n\n\n<div class=\"wp-block-uagb-advanced-heading uagb-block-ce218cf3\"><h5 class=\"uagb-heading-text\">Ing. Ernesto Ivanovi Arreaga Carvajal \u2014 Founder and CEO.<\/h5><\/div>\n<\/div>\n\n\n<div class=\"wp-block-uagb-faq uagb-faq__outer-wrap uagb-block-9574fea7 uagb-faq-icon-row uagb-faq-layout-accordion uagb-faq-expand-first-true uagb-faq-inactive-other-true uagb-faq__wrap uagb-buttons-layout-wrap uagb-faq-equal-height\" data-faqtoggle=\"true\" role=\"tablist\"><div class=\"wp-block-uagb-faq-child uagb-faq-child__outer-wrap uagb-faq-item uagb-block-55523399\" role=\"tab\" tabindex=\"0\"><div class=\"uagb-faq-questions-button uagb-faq-questions\">\t\t\t<span class=\"uagb-icon uagb-faq-icon-wrap\">\n\t\t\t\t\t\t\t\t<svg xmlns=\"https:\/\/www.w3.org\/2000\/svg\" viewbox= \"0 0 256 512\"><path d=\"M118.6 105.4l128 127.1C252.9 239.6 256 247.8 256 255.1s-3.125 16.38-9.375 22.63l-128 127.1c-9.156 9.156-22.91 11.9-34.88 6.943S64 396.9 64 383.1V128c0-12.94 7.781-24.62 19.75-29.58S109.5 96.23 118.6 105.4z\"><\/path><\/svg>\n\t\t\t\t\t\t\t<\/span>\n\t\t\t\t\t\t<span class=\"uagb-icon-active uagb-faq-icon-wrap\">\n\t\t\t\t\t\t\t\t<svg xmlns=\"https:\/\/www.w3.org\/2000\/svg\" viewbox= \"0 0 320 512\"><path d=\"M310.6 246.6l-127.1 128C176.4 380.9 168.2 384 160 384s-16.38-3.125-22.63-9.375l-127.1-128C.2244 237.5-2.516 223.7 2.438 211.8S19.07 192 32 192h255.1c12.94 0 24.62 7.781 29.58 19.75S319.8 237.5 310.6 246.6z\"><\/path><\/svg>\n\t\t\t\t\t\t\t<\/span>\n\t\t\t<p class=\"uagb-question\">Founder and CEO<\/p><\/div><div class=\"uagb-faq-content\"><p>As an expert in Data Science and Artificial Intelligence, I focus on providing advanced technological solutions for businesses seeking to transform their operations. My approach is to offer personalized advice and strategies to improve decision-making, optimize processes, and maximize the impact of data on the business.<\/p><\/div><\/div><\/div><\/div>\n<\/div><\/div>\n\n\n\n<p><\/p>","protected":false},"excerpt":{"rendered":"<p>Nuestros Servicios M\u00e1s Populares Transforma tu negocio con las mejores pr\u00e1cticas de Ciencia de Datos y AI. Con a\u00f1os de experiencia en el campo, ofrezco consultor\u00eda especializada para<\/p>\n<p class=\"link-more\"><a class=\"rm-button\" href=\"https:\/\/todominingsolutions.com\/en\/\">Read More<\/a><\/p>","protected":false},"author":1,"featured_media":0,"parent":0,"menu_order":0,"comment_status":"closed","ping_status":"closed","template":"","meta":{"_uag_custom_page_level_css":"","footnotes":""},"class_list":["post-27494","page","type-page","status-publish","hentry"],"aioseo_notices":[],"uagb_featured_image_src":{"full":false,"thumbnail":false,"medium":false,"medium_large":false,"large":false,"1536x1536":false,"2048x2048":false,"trp-custom-language-flag":false},"uagb_author_info":{"display_name":"todomining@gmail.com","author_link":"https:\/\/todominingsolutions.com\/en\/author\/todomininggmail-com\/"},"uagb_comment_info":0,"uagb_excerpt":"Nuestros Servicios M\u00e1s Populares Transforma tu negocio con las mejores pr\u00e1cticas de Ciencia de Datos y AI. Con a\u00f1os de experiencia en el campo, ofrezco consultor\u00eda especializada paraRead More","_links":{"self":[{"href":"https:\/\/todominingsolutions.com\/en\/wp-json\/wp\/v2\/pages\/27494","targetHints":{"allow":["GET"]}}],"collection":[{"href":"https:\/\/todominingsolutions.com\/en\/wp-json\/wp\/v2\/pages"}],"about":[{"href":"https:\/\/todominingsolutions.com\/en\/wp-json\/wp\/v2\/types\/page"}],"author":[{"embeddable":true,"href":"https:\/\/todominingsolutions.com\/en\/wp-json\/wp\/v2\/users\/1"}],"replies":[{"embeddable":true,"href":"https:\/\/todominingsolutions.com\/en\/wp-json\/wp\/v2\/comments?post=27494"}],"version-history":[{"count":18,"href":"https:\/\/todominingsolutions.com\/en\/wp-json\/wp\/v2\/pages\/27494\/revisions"}],"predecessor-version":[{"id":27560,"href":"https:\/\/todominingsolutions.com\/en\/wp-json\/wp\/v2\/pages\/27494\/revisions\/27560"}],"wp:attachment":[{"href":"https:\/\/todominingsolutions.com\/en\/wp-json\/wp\/v2\/media?parent=27494"}],"curies":[{"name":"wp","href":"https:\/\/api.w.org\/{rel}","templated":true}]}}